{"id":20,"date":"2025-08-05T14:07:24","date_gmt":"2025-08-05T14:07:24","guid":{"rendered":"https:\/\/arztpraxis-buberl.de\/?page_id=20"},"modified":"2026-04-10T05:41:30","modified_gmt":"2026-04-10T05:41:30","slug":"startseite","status":"publish","type":"page","link":"https:\/\/arztpraxis-buberl.de\/","title":{"rendered":"Startseite"},"content":{"rendered":"\t\t<div data-elementor-type=\"wp-page\" data-elementor-id=\"20\" class=\"elementor elementor-20\" data-elementor-post-type=\"page\">\n\t\t\t\t<div class=\"elementor-element elementor-element-f5179a4 e-flex e-con-boxed e-con e-parent\" data-id=\"f5179a4\" data-element_type=\"container\" data-e-type=\"container\" data-settings=\"{&quot;background_background&quot;:&quot;classic&quot;}\">\n\t\t\t\t\t<div class=\"e-con-inner\">\n\t\t<div class=\"elementor-element elementor-element-e0d6aac e-con-full e-flex elementor-invisible e-con e-child\" data-id=\"e0d6aac\" data-element_type=\"container\" data-e-type=\"container\" data-settings=\"{&quot;background_background&quot;:&quot;classic&quot;,&quot;animation&quot;:&quot;fadeInUp&quot;,&quot;animation_delay&quot;:100}\">\n\t\t\t\t<div class=\"elementor-element elementor-element-5df9aa9 elementor-widget elementor-widget-image\" data-id=\"5df9aa9\" data-element_type=\"widget\" data-e-type=\"widget\" data-widget_type=\"image.default\">\n\t\t\t\t\t\t\t\t\t\t\t\t\t\t\t<img fetchpriority=\"high\" decoding=\"async\" width=\"800\" height=\"533\" src=\"https:\/\/arztpraxis-buberl.de\/wp-content\/uploads\/2025\/08\/Praxis_7-1024x682.webp\" class=\"attachment-large size-large wp-image-108\" alt=\"Tresen EIngangsbereich\" srcset=\"https:\/\/arztpraxis-buberl.de\/wp-content\/uploads\/2025\/08\/Praxis_7-1024x682.webp 1024w, https:\/\/arztpraxis-buberl.de\/wp-content\/uploads\/2025\/08\/Praxis_7-300x200.webp 300w, https:\/\/arztpraxis-buberl.de\/wp-content\/uploads\/2025\/08\/Praxis_7-768x512.webp 768w, https:\/\/arztpraxis-buberl.de\/wp-content\/uploads\/2025\/08\/Praxis_7-1536x1024.webp 1536w, https:\/\/arztpraxis-buberl.de\/wp-content\/uploads\/2025\/08\/Praxis_7.webp 2000w\" sizes=\"(max-width: 800px) 100vw, 800px\" \/>\t\t\t\t\t\t\t\t\t\t\t\t\t\t\t<\/div>\n\t\t\t\t<\/div>\n\t\t<div class=\"elementor-element elementor-element-2ef8012 e-con-full e-flex elementor-invisible e-con e-child\" data-id=\"2ef8012\" data-element_type=\"container\" data-e-type=\"container\" data-settings=\"{&quot;background_background&quot;:&quot;gradient&quot;,&quot;animation&quot;:&quot;fadeInUp&quot;,&quot;animation_delay&quot;:200}\">\n\t\t\t\t<div class=\"elementor-element elementor-element-74a8520 elementor-widget elementor-widget-text-editor\" data-id=\"74a8520\" data-element_type=\"widget\" data-e-type=\"widget\" data-widget_type=\"text-editor.default\">\n\t\t\t\t\t\t\t\t\t<p>Werte Patientinnen und Patienten,<\/p><p>\u00a0<\/p><p>herzlich willkommen auf der Webseite unserer Hausarztpraxis am Strehlaer Markt.\u2028Wir freuen uns, Sie bei allen Fragen rund um Ihre Gesundheit begleiten zu d\u00fcrfen.<\/p><p>\u00a0<\/p><p>Unsere Praxis bietet Ihnen ein breites Spektrum allgemeinmedizinischer Diagnostik und Therapie \u2013 von der Vorsorge bis zur Behandlung akuter und chronischer Erkrankungen. <br \/>Auf den folgenden Seiten m\u00f6chten wir Ihnen unsere Leistungen n\u00e4her vorstellen.<\/p>\t\t\t\t\t\t\t\t<\/div>\n\t\t\t\t<\/div>\n\t\t\t\t\t<\/div>\n\t\t\t\t<\/div>\n\t\t<div class=\"elementor-element elementor-element-bc0601c e-flex e-con-boxed e-con e-parent\" data-id=\"bc0601c\" data-element_type=\"container\" data-e-type=\"container\" data-settings=\"{&quot;background_background&quot;:&quot;classic&quot;}\">\n\t\t\t\t\t<div class=\"e-con-inner\">\n\t\t\t\t<div class=\"elementor-element elementor-element-7a904342 elementor-widget elementor-widget-heading\" data-id=\"7a904342\" data-element_type=\"widget\" data-e-type=\"widget\" data-widget_type=\"heading.default\">\n\t\t\t\t\t<h2 class=\"elementor-heading-title elementor-size-default\">Wir sind im Urlaub<\/h2>\t\t\t\t<\/div>\n\t\t\t\t<div class=\"elementor-element elementor-element-4b133b1 elementor-widget elementor-widget-spacer\" data-id=\"4b133b1\" data-element_type=\"widget\" data-e-type=\"widget\" data-widget_type=\"spacer.default\">\n\t\t\t\t\t\t\t<div class=\"elementor-spacer\">\n\t\t\t<div class=\"elementor-spacer-inner\"><\/div>\n\t\t<\/div>\n\t\t\t\t\t\t<\/div>\n\t\t\t\t<div class=\"elementor-element elementor-element-5046988d elementor-widget__width-initial elementor-widget elementor-widget-text-editor\" data-id=\"5046988d\" data-element_type=\"widget\" data-e-type=\"widget\" data-widget_type=\"text-editor.default\">\n\t\t\t\t\t\t\t\t\t<p>Liebe Patienten,<\/p><p>Wir haben Urlaub vom<\/p><p><strong><span style=\"color: #416b26;\">27.07.2026 \u2013 14.08.2026.<\/span><\/strong><\/p><p><strong><span style=\"color: #416b26;\">Vertretung in akuten F\u00e4llen \u00fcbernimmt:<\/span><\/strong><\/p><p>Fr. Dr. med. Jeromin<\/p><p>Karl Liebknecht Stra\u00dfe 25<\/p><p>01616 Strehla<\/p><p>Telefon: <a href=\"tel:+493526490240\">035264 \/ 90240<\/a><\/p><p><strong><span style=\"color: #416b26;\">Akutsprechzeiten sind:<\/span><\/strong><\/p><p>Montag: 08:00 \u2013 10:30 Uhr<\/p><p>Dienstag \u2013 Mittwoch: 08:00 \u2013 09:00 Uhr<\/p><p>Donnerstag: 14:00 \u2013 15:00 Uhr<\/p><p>Freitag: 08:00 \u2013 09:00 Uhr<\/p><p>Au\u00dferhalb der Akutsprechzeiten rufen Sie bitte in der Praxis an.<\/p>\t\t\t\t\t\t\t\t<\/div>\n\t\t\t\t\t<\/div>\n\t\t\t\t<\/div>\n\t\t<div class=\"elementor-element elementor-element-884e45d e-flex e-con-boxed e-con e-parent\" data-id=\"884e45d\" data-element_type=\"container\" data-e-type=\"container\" id=\"termine\">\n\t\t\t\t\t<div class=\"e-con-inner\">\n\t\t<div class=\"elementor-element elementor-element-a4fb475 e-con-full e-flex e-con e-child\" data-id=\"a4fb475\" data-element_type=\"container\" data-e-type=\"container\">\n\t\t\t\t<div class=\"elementor-element elementor-element-f53ddce elementor-widget elementor-widget-heading\" data-id=\"f53ddce\" data-element_type=\"widget\" data-e-type=\"widget\" data-widget_type=\"heading.default\">\n\t\t\t\t\t<h2 class=\"elementor-heading-title elementor-size-default\">Termine<\/h2>\t\t\t\t<\/div>\n\t\t\t\t<div class=\"elementor-element elementor-element-ccbbedf elementor-widget elementor-widget-text-editor\" data-id=\"ccbbedf\" data-element_type=\"widget\" data-e-type=\"widget\" data-widget_type=\"text-editor.default\">\n\t\t\t\t\t\t\t\t\t<p>Unsere Praxis arbeitet mit einen Terminvergabesystem.<br \/>Bitte vereinbaren Sie daher vor jeder Behandlung einen Termin.<\/p><div class=\"boldtext\"><p class=\"greentext\"><span class=\"&quot;greentext\">Telefon: <a href=\"tel:+493526490845\">035 264 \/ 90 845<\/a><br \/>Telefax: 035 264 \/ 22 383<br \/>Mail: <a href=\"mailto:info@arztpraxis-buberl.de\">info@arztpraxis-buberl.de<\/a><\/span><\/p><p class=\"greentext\">Sprechzeiten:<\/p><p>Montag: 08:00 \u2013 12:00 Uhr \/ 14:00 \u2013 18:00 Uhr<br \/>Dienstag: 08:00 \u2013 12:00 Uhr<br \/>Mittwoch: 08:00 \u2013 12:00 Uhr<br \/>Donnerstag: 08:00 \u2013 09:30 Uhr \/ 14:00 \u2013 18:00\u2009Uhr<br \/>Freitag:\u00a008:00 \u2013 11:30 Uhr<\/p><p class=\"greentext\">Bei akuten Beschwerden steht unsere<br \/>Akutsprechstunde zur Verf\u00fcgung:<\/p><p>Montag \u2013 Freitag: 08:00 \u2013 09:00 Uhr<\/p><\/div>\t\t\t\t\t\t\t\t<\/div>\n\t\t\t\t<div class=\"elementor-element elementor-element-794937f elementor-widget elementor-widget-spacer\" data-id=\"794937f\" data-element_type=\"widget\" data-e-type=\"widget\" data-widget_type=\"spacer.default\">\n\t\t\t\t\t\t\t<div class=\"elementor-spacer\">\n\t\t\t<div class=\"elementor-spacer-inner\"><\/div>\n\t\t<\/div>\n\t\t\t\t\t\t<\/div>\n\t\t\t\t<\/div>\n\t\t<div class=\"elementor-element elementor-element-d22847f e-con-full e-flex e-con e-child\" data-id=\"d22847f\" data-element_type=\"container\" data-e-type=\"container\">\n\t\t\t\t<div class=\"elementor-element elementor-element-0d74974 animated-slow elementor-invisible elementor-widget elementor-widget-image\" data-id=\"0d74974\" data-element_type=\"widget\" data-e-type=\"widget\" data-settings=\"{&quot;_animation&quot;:&quot;fadeIn&quot;,&quot;_animation_delay&quot;:100}\" data-widget_type=\"image.default\">\n\t\t\t\t\t\t\t\t\t\t\t\t\t\t\t<img decoding=\"async\" width=\"800\" height=\"533\" src=\"https:\/\/arztpraxis-buberl.de\/wp-content\/uploads\/2025\/08\/Praxis_1-1024x682.webp\" class=\"attachment-large size-large wp-image-102\" alt=\"Wartebereich\" srcset=\"https:\/\/arztpraxis-buberl.de\/wp-content\/uploads\/2025\/08\/Praxis_1-1024x682.webp 1024w, https:\/\/arztpraxis-buberl.de\/wp-content\/uploads\/2025\/08\/Praxis_1-300x200.webp 300w, https:\/\/arztpraxis-buberl.de\/wp-content\/uploads\/2025\/08\/Praxis_1-768x512.webp 768w, https:\/\/arztpraxis-buberl.de\/wp-content\/uploads\/2025\/08\/Praxis_1-1536x1024.webp 1536w, https:\/\/arztpraxis-buberl.de\/wp-content\/uploads\/2025\/08\/Praxis_1.webp 2000w\" sizes=\"(max-width: 800px) 100vw, 800px\" \/>\t\t\t\t\t\t\t\t\t\t\t\t\t\t\t<\/div>\n\t\t\t\t<\/div>\n\t\t\t\t\t<\/div>\n\t\t\t\t<\/div>\n\t\t<div class=\"elementor-element elementor-element-a43fdef e-flex e-con-boxed e-con e-parent\" data-id=\"a43fdef\" data-element_type=\"container\" data-e-type=\"container\" id=\"leistungen\" data-settings=\"{&quot;background_background&quot;:&quot;gradient&quot;}\">\n\t\t\t\t\t<div class=\"e-con-inner\">\n\t\t<div class=\"elementor-element elementor-element-1796304 e-con-full e-flex e-con e-child\" data-id=\"1796304\" data-element_type=\"container\" data-e-type=\"container\">\n\t\t\t\t<div class=\"elementor-element elementor-element-3ea37a7 elementor-widget elementor-widget-heading\" data-id=\"3ea37a7\" data-element_type=\"widget\" data-e-type=\"widget\" data-widget_type=\"heading.default\">\n\t\t\t\t\t<h2 class=\"elementor-heading-title elementor-size-default\">Kassenleistungen<\/h2>\t\t\t\t<\/div>\n\t\t\t\t<div class=\"elementor-element elementor-element-7a1281d elementor-widget elementor-widget-spacer\" data-id=\"7a1281d\" data-element_type=\"widget\" data-e-type=\"widget\" data-widget_type=\"spacer.default\">\n\t\t\t\t\t\t\t<div class=\"elementor-spacer\">\n\t\t\t<div class=\"elementor-spacer-inner\"><\/div>\n\t\t<\/div>\n\t\t\t\t\t\t<\/div>\n\t\t\t\t<div class=\"elementor-element elementor-element-d6ba24f elementor-widget elementor-widget-text-editor\" data-id=\"d6ba24f\" data-element_type=\"widget\" data-e-type=\"widget\" data-widget_type=\"text-editor.default\">\n\t\t\t\t\t\t\t\t\t<ul><li>Laboruntersuchungen<\/li><li>EKG<\/li><li>Langzeitblutdruckmessung<\/li><li>Lungenfunktionspr\u00fcfung<\/li><li>geriatrische Untersuchungen (Demenztests)<\/li><li>Jugendarbeitsschutzuntersuchungen<\/li><li>Untersuchung vor geplanter Operation<\/li><li>psychosomatische Grundversorgung<\/li><li>Gesundheitsuntersuchungen Check up 35<\/li><li>Hautkrebsscreening<\/li><\/ul>\t\t\t\t\t\t\t\t<\/div>\n\t\t\t\t<div class=\"elementor-element elementor-element-b8db870 elementor-widget elementor-widget-spacer\" data-id=\"b8db870\" data-element_type=\"widget\" data-e-type=\"widget\" data-widget_type=\"spacer.default\">\n\t\t\t\t\t\t\t<div class=\"elementor-spacer\">\n\t\t\t<div class=\"elementor-spacer-inner\"><\/div>\n\t\t<\/div>\n\t\t\t\t\t\t<\/div>\n\t\t\t\t<div class=\"elementor-element elementor-element-a9e0259 elementor-invisible elementor-widget elementor-widget-image\" data-id=\"a9e0259\" data-element_type=\"widget\" data-e-type=\"widget\" data-settings=\"{&quot;_animation&quot;:&quot;fadeIn&quot;,&quot;_animation_delay&quot;:100}\" data-widget_type=\"image.default\">\n\t\t\t\t\t\t\t\t\t\t\t\t\t\t\t<img decoding=\"async\" width=\"800\" height=\"533\" src=\"https:\/\/arztpraxis-buberl.de\/wp-content\/uploads\/2025\/08\/Praxis_4-1024x682.webp\" class=\"attachment-large size-large wp-image-105\" alt=\"Behandlungsraum\" srcset=\"https:\/\/arztpraxis-buberl.de\/wp-content\/uploads\/2025\/08\/Praxis_4-1024x682.webp 1024w, https:\/\/arztpraxis-buberl.de\/wp-content\/uploads\/2025\/08\/Praxis_4-300x200.webp 300w, https:\/\/arztpraxis-buberl.de\/wp-content\/uploads\/2025\/08\/Praxis_4-768x512.webp 768w, https:\/\/arztpraxis-buberl.de\/wp-content\/uploads\/2025\/08\/Praxis_4-1536x1024.webp 1536w, https:\/\/arztpraxis-buberl.de\/wp-content\/uploads\/2025\/08\/Praxis_4.webp 2000w\" sizes=\"(max-width: 800px) 100vw, 800px\" \/>\t\t\t\t\t\t\t\t\t\t\t\t\t\t\t<\/div>\n\t\t\t\t<div class=\"elementor-element elementor-element-0ce1714 elementor-widget elementor-widget-spacer\" data-id=\"0ce1714\" data-element_type=\"widget\" data-e-type=\"widget\" data-widget_type=\"spacer.default\">\n\t\t\t\t\t\t\t<div class=\"elementor-spacer\">\n\t\t\t<div class=\"elementor-spacer-inner\"><\/div>\n\t\t<\/div>\n\t\t\t\t\t\t<\/div>\n\t\t\t\t<\/div>\n\t\t<div class=\"elementor-element elementor-element-8e10827 e-con-full e-flex e-con e-child\" data-id=\"8e10827\" data-element_type=\"container\" data-e-type=\"container\">\n\t\t\t\t<div class=\"elementor-element elementor-element-a581f93 elementor-widget elementor-widget-heading\" data-id=\"a581f93\" data-element_type=\"widget\" data-e-type=\"widget\" data-widget_type=\"heading.default\">\n\t\t\t\t\t<h2 class=\"elementor-heading-title elementor-size-default\">individuelle Gesundheitsleistungen (IGel)<\/h2>\t\t\t\t<\/div>\n\t\t\t\t<div class=\"elementor-element elementor-element-a0ca2fe elementor-widget elementor-widget-spacer\" data-id=\"a0ca2fe\" data-element_type=\"widget\" data-e-type=\"widget\" data-widget_type=\"spacer.default\">\n\t\t\t\t\t\t\t<div class=\"elementor-spacer\">\n\t\t\t<div class=\"elementor-spacer-inner\"><\/div>\n\t\t<\/div>\n\t\t\t\t\t\t<\/div>\n\t\t\t\t<div class=\"elementor-element elementor-element-0966710 elementor-widget elementor-widget-text-editor\" data-id=\"0966710\" data-element_type=\"widget\" data-e-type=\"widget\" data-widget_type=\"text-editor.default\">\n\t\t\t\t\t\t\t\t\t<p>Neben den von den Krankenkassen bezahlten Leistungen, bieten wir weitere Diagnostik, Therapien und Behandlungen an, welche jedoch nicht zulasten der gesetzlichen Krankenkasse erbracht werden d\u00fcrfen. Diese Leistungen bietet Ihnen unsere Praxis als sogenannte IGel (Individuelle Gesundheitsleistungen) Leistungen an.<\/p><p>\u00a0<\/p><ul><li>Fahrtauglichkeitsuntersuchungen (au\u00dfer augen\u00e4rztliche Untersuchungen)<\/li><li>erweiterter Check-up mit erweiterten Laborleistungen, ggf. EKG, Spirometrie<\/li><li>Reisemedizinische Beratung<\/li><li>Reiseimpfungen<\/li><li>Berufsf\u00e4higkeitsuntersuchungen f\u00fcr \u00fcber 18-J\u00e4hrige<\/li><li>Hilfe bei der Erstellung von Vorsorgevollmachten und Patientenverf\u00fcgungen<\/li><li>Sporttauglichkeitsuntersuchungen (je nach Aufwand)<\/li><li>Bescheinigung f\u00fcr Kindergarten, Gerichte, Versicherungen, etc <br \/>(je nach Aufwand)<\/li><li>Neuausstellung eines Impfausweises<\/li><\/ul><p>\u00a0<\/p><p>Die Kosten der Behandlung\/Untersuchung werden dem Patienten in Rechnung gestellt. Bitte haben Sie Verst\u00e4ndnis daf\u00fcr, dass wir hierf\u00fcr vor Behandlungsbeginn Ihre schriftliche Zustimmung zur Kosten\u00fcbernahme ben\u00f6tigen.<\/p><p>\u00a0<\/p><p>Sprechen Sie uns bei Fragen gerne an!<\/p>\t\t\t\t\t\t\t\t<\/div>\n\t\t\t\t<\/div>\n\t\t\t\t\t<\/div>\n\t\t\t\t<\/div>\n\t\t<div class=\"elementor-element elementor-element-f3a4289 e-flex e-con-boxed e-con e-parent\" data-id=\"f3a4289\" data-element_type=\"container\" data-e-type=\"container\" id=\"rezepte\">\n\t\t\t\t\t<div class=\"e-con-inner\">\n\t\t<div class=\"elementor-element elementor-element-2e90415 e-con-full e-flex e-con e-child\" data-id=\"2e90415\" data-element_type=\"container\" data-e-type=\"container\">\n\t\t\t\t<div class=\"elementor-element elementor-element-0f918da elementor-widget elementor-widget-heading\" data-id=\"0f918da\" data-element_type=\"widget\" data-e-type=\"widget\" data-widget_type=\"heading.default\">\n\t\t\t\t\t<h2 class=\"elementor-heading-title elementor-size-default\">Rezepte und \u00fcberweisungen<\/h2>\t\t\t\t<\/div>\n\t\t\t\t<div class=\"elementor-element elementor-element-c80f63d elementor-widget__width-initial elementor-widget elementor-widget-text-editor\" data-id=\"c80f63d\" data-element_type=\"widget\" data-e-type=\"widget\" data-widget_type=\"text-editor.default\">\n\t\t\t\t\t\t\t\t\t<p>Rezepte und \u00dcberweisungen bestellen Sie ebenfalls ganz einfach telefonisch oder per Mail.<\/p><p>\u00a0<\/p><div class=\"greentext boldtext\">Telefon: <a href=\"tel:+493526490845\">035 264 \/ 90 845<\/a><br \/>Mail: <a href=\"mailto:info@arztpraxis-buberl.de\">info@arztpraxis-buberl.de<\/a><\/div><div class=\"greentext\">\u00a0<\/div><p>Eine Bearbeitungszeit von 1-2 Werktagen sollte eingeplant werden.<\/p><p>\u00a0<\/p><p class=\"boldtext\">Bitte beachten Sie, dass die Versichertenkarte f\u00fcr das aktuelle Quartal vorliegen muss.<\/p>\t\t\t\t\t\t\t\t<\/div>\n\t\t\t\t<div class=\"elementor-element elementor-element-1d1db44 elementor-widget elementor-widget-spacer\" data-id=\"1d1db44\" data-element_type=\"widget\" data-e-type=\"widget\" data-widget_type=\"spacer.default\">\n\t\t\t\t\t\t\t<div class=\"elementor-spacer\">\n\t\t\t<div class=\"elementor-spacer-inner\"><\/div>\n\t\t<\/div>\n\t\t\t\t\t\t<\/div>\n\t\t\t\t<\/div>\n\t\t<div class=\"elementor-element elementor-element-d0d8762 e-con-full e-flex e-con e-child\" data-id=\"d0d8762\" data-element_type=\"container\" data-e-type=\"container\">\n\t\t\t\t<div class=\"elementor-element elementor-element-cfa2fba elementor-invisible elementor-widget elementor-widget-image\" data-id=\"cfa2fba\" data-element_type=\"widget\" data-e-type=\"widget\" data-settings=\"{&quot;_animation&quot;:&quot;fadeIn&quot;,&quot;_animation_delay&quot;:100}\" data-widget_type=\"image.default\">\n\t\t\t\t\t\t\t\t\t\t\t\t\t\t\t<img decoding=\"async\" width=\"800\" height=\"533\" src=\"https:\/\/arztpraxis-buberl.de\/wp-content\/uploads\/2025\/08\/Praxis_1-1024x682.webp\" class=\"attachment-large size-large wp-image-102\" alt=\"Wartebereich\" srcset=\"https:\/\/arztpraxis-buberl.de\/wp-content\/uploads\/2025\/08\/Praxis_1-1024x682.webp 1024w, https:\/\/arztpraxis-buberl.de\/wp-content\/uploads\/2025\/08\/Praxis_1-300x200.webp 300w, https:\/\/arztpraxis-buberl.de\/wp-content\/uploads\/2025\/08\/Praxis_1-768x512.webp 768w, https:\/\/arztpraxis-buberl.de\/wp-content\/uploads\/2025\/08\/Praxis_1-1536x1024.webp 1536w, https:\/\/arztpraxis-buberl.de\/wp-content\/uploads\/2025\/08\/Praxis_1.webp 2000w\" sizes=\"(max-width: 800px) 100vw, 800px\" \/>\t\t\t\t\t\t\t\t\t\t\t\t\t\t\t<\/div>\n\t\t\t\t<\/div>\n\t\t\t\t\t<\/div>\n\t\t\t\t<\/div>\n\t\t<div class=\"elementor-element elementor-element-59d78e1 e-flex e-con-boxed e-con e-parent\" data-id=\"59d78e1\" data-element_type=\"container\" data-e-type=\"container\">\n\t\t\t\t\t<div class=\"e-con-inner\">\n\t\t\t\t\t<\/div>\n\t\t\t\t<\/div>\n\t\t\t\t<\/div>\n\t\t","protected":false},"excerpt":{"rendered":"<p>Werte Patientinnen und Patienten, \u00a0 herzlich willkommen auf der Webseite unserer Hausarztpraxis am Strehlaer Markt.\u2028Wir freuen uns, Sie bei allen Fragen rund um Ihre Gesundheit begleiten zu d\u00fcrfen. \u00a0 Unsere Praxis bietet Ihnen ein breites Spektrum allgemeinmedizinischer Diagnostik und Therapie \u2013 von der Vorsorge bis zur Behandlung akuter und chronischer Erkrankungen. Auf den folgenden Seiten [&hellip;]<\/p>\n","protected":false},"author":1,"featured_media":0,"parent":0,"menu_order":0,"comment_status":"closed","ping_status":"closed","template":"","meta":{"iawp_total_views":4455,"footnotes":""},"class_list":["post-20","page","type-page","status-publish","hentry"],"_links":{"self":[{"href":"https:\/\/arztpraxis-buberl.de\/index.php\/wp-json\/wp\/v2\/pages\/20","targetHints":{"allow":["GET"]}}],"collection":[{"href":"https:\/\/arztpraxis-buberl.de\/index.php\/wp-json\/wp\/v2\/pages"}],"about":[{"href":"https:\/\/arztpraxis-buberl.de\/index.php\/wp-json\/wp\/v2\/types\/page"}],"author":[{"embeddable":true,"href":"https:\/\/arztpraxis-buberl.de\/index.php\/wp-json\/wp\/v2\/users\/1"}],"replies":[{"embeddable":true,"href":"https:\/\/arztpraxis-buberl.de\/index.php\/wp-json\/wp\/v2\/comments?post=20"}],"version-history":[{"count":185,"href":"https:\/\/arztpraxis-buberl.de\/index.php\/wp-json\/wp\/v2\/pages\/20\/revisions"}],"predecessor-version":[{"id":441,"href":"https:\/\/arztpraxis-buberl.de\/index.php\/wp-json\/wp\/v2\/pages\/20\/revisions\/441"}],"wp:attachment":[{"href":"https:\/\/arztpraxis-buberl.de\/index.php\/wp-json\/wp\/v2\/media?parent=20"}],"curies":[{"name":"wp","href":"https:\/\/api.w.org\/{rel}","templated":true}]}}